{"id":58,"date":"2025-07-25T10:23:19","date_gmt":"2025-07-25T08:23:19","guid":{"rendered":"https:\/\/www.resimed.at\/schuhfried-medizintechnik-sicheres-formular\/?page_id=58"},"modified":"2025-07-28T09:03:07","modified_gmt":"2025-07-28T07:03:07","slug":"impressum-und-datenschutz","status":"publish","type":"page","link":"https:\/\/www.resimed.at\/schuhfried-medizintechnik-sicheres-formular\/impressum-und-datenschutz\/","title":{"rendered":"Impressum und Datenschutz"},"content":{"rendered":"<p><div class=\"fusion-fullwidth fullwidth-box fusion-builder-row-1 fusion-flex-container has-pattern-background has-mask-background nonhundred-percent-fullwidth non-hundred-percent-height-scrolling\" style=\"--awb-border-radius-top-left:0px;--awb-border-radius-top-right:0px;--awb-border-radius-bottom-right:0px;--awb-border-radius-bottom-left:0px;--awb-padding-top:21px;--awb-padding-right:0px;--awb-padding-bottom:0px;--awb-padding-left:0px;--awb-padding-right-medium:0px;--awb-padding-left-medium:0px;--awb-padding-top-small:0px;--awb-padding-right-small:0px;--awb-padding-bottom-small:0px;--awb-padding-left-small:0px;--awb-margin-top:0px;--awb-margin-bottom:0px;--awb-margin-bottom-small:0px;--awb-background-color:var(--awb-color4);--awb-flex-wrap:wrap;\" ><div class=\"fusion-builder-row fusion-row fusion-flex-align-items-center fusion-flex-align-content-center fusion-flex-content-wrap\" style=\"max-width:1040px;margin-left: calc(-4% \/ 2 );margin-right: calc(-4% \/ 2 );\"><div class=\"fusion-layout-column fusion_builder_column fusion-builder-column-0 fusion_builder_column_3_4 3_4 fusion-flex-column\" style=\"--awb-bg-size:cover;--awb-width-large:75%;--awb-margin-top-large:0px;--awb-spacing-right-large:2.56%;--awb-margin-bottom-large:0px;--awb-spacing-left-large:3.712%;--awb-width-medium:75%;--awb-order-medium:0;--awb-spacing-right-medium:2.56%;--awb-spacing-left-medium:3.712%;--awb-width-small:75%;--awb-order-small:0;--awb-spacing-right-small:2.56%;--awb-spacing-left-small:3.712%;\"><div class=\"fusion-column-wrapper fusion-column-has-shadow fusion-flex-justify-content-flex-start fusion-content-layout-column\"><div class=\"fusion-image-element \" style=\"text-align:left;--awb-caption-title-font-family:var(--h2_typography-font-family);--awb-caption-title-font-weight:var(--h2_typography-font-weight);--awb-caption-title-font-style:var(--h2_typography-font-style);--awb-caption-title-size:var(--h2_typography-font-size);--awb-caption-title-transform:var(--h2_typography-text-transform);--awb-caption-title-line-height:var(--h2_typography-line-height);--awb-caption-title-letter-spacing:var(--h2_typography-letter-spacing);\"><span class=\" fusion-imageframe imageframe-none imageframe-1 hover-type-none\"><a class=\"fusion-no-lightbox\" href=\"https:\/\/www.schuhfriedmed.at\" target=\"_self\" aria-label=\"Schuhfried Medizintechnik\"><img decoding=\"async\" width=\"800\" height=\"181\" alt=\"Schuhfried Medizintechnik\" src=\"https:\/\/www.resimed.at\/schuhfried-medizintechnik-sicheres-formular\/wp-content\/uploads\/2025\/07\/Logo-2025-Medizintechnik.png\" class=\"img-responsive wp-image-26\" srcset=\"https:\/\/www.resimed.at\/schuhfried-medizintechnik-sicheres-formular\/wp-content\/uploads\/2025\/07\/Logo-2025-Medizintechnik-200x45.png 200w, https:\/\/www.resimed.at\/schuhfried-medizintechnik-sicheres-formular\/wp-content\/uploads\/2025\/07\/Logo-2025-Medizintechnik-400x91.png 400w, https:\/\/www.resimed.at\/schuhfried-medizintechnik-sicheres-formular\/wp-content\/uploads\/2025\/07\/Logo-2025-Medizintechnik-600x136.png 600w, https:\/\/www.resimed.at\/schuhfried-medizintechnik-sicheres-formular\/wp-content\/uploads\/2025\/07\/Logo-2025-Medizintechnik.png 800w\" sizes=\"(max-width: 640px) 100vw, 800px\" \/><\/a><\/span><\/div><\/div><\/div><div class=\"fusion-layout-column fusion_builder_column fusion-builder-column-1 fusion_builder_column_1_4 1_4 fusion-flex-column\" style=\"--awb-bg-size:cover;--awb-width-large:25%;--awb-margin-top-large:0px;--awb-spacing-right-large:7.68%;--awb-margin-bottom-large:20px;--awb-spacing-left-large:7.68%;--awb-width-medium:25%;--awb-order-medium:0;--awb-spacing-right-medium:7.68%;--awb-spacing-left-medium:7.68%;--awb-width-small:25%;--awb-order-small:0;--awb-spacing-right-small:7.68%;--awb-spacing-left-small:7.68%;\"><div class=\"fusion-column-wrapper fusion-column-has-shadow fusion-flex-justify-content-flex-start fusion-content-layout-column\"><div class=\"fusion-image-element \" style=\"--awb-max-width:200px;--awb-caption-title-font-family:var(--h2_typography-font-family);--awb-caption-title-font-weight:var(--h2_typography-font-weight);--awb-caption-title-font-style:var(--h2_typography-font-style);--awb-caption-title-size:var(--h2_typography-font-size);--awb-caption-title-transform:var(--h2_typography-text-transform);--awb-caption-title-line-height:var(--h2_typography-line-height);--awb-caption-title-letter-spacing:var(--h2_typography-letter-spacing);\"><span class=\" fusion-imageframe imageframe-none imageframe-2 hover-type-none\"><a class=\"fusion-no-lightbox\" href=\"https:\/\/www.resimed.at\/schuhfried-medizintechnik-sicheres-formular\/\" target=\"_self\" aria-label=\"Verordnungsschein sicher hochladen\"><img decoding=\"async\" width=\"500\" height=\"499\" alt=\"Verordnungsschein sicher hochladen\" src=\"https:\/\/www.resimed.at\/schuhfried-medizintechnik-sicheres-formular\/wp-content\/uploads\/2025\/07\/Verordnungsschein-sicher-hochladen.png\" class=\"img-responsive wp-image-23\" srcset=\"https:\/\/www.resimed.at\/schuhfried-medizintechnik-sicheres-formular\/wp-content\/uploads\/2025\/07\/Verordnungsschein-sicher-hochladen-200x200.png 200w, https:\/\/www.resimed.at\/schuhfried-medizintechnik-sicheres-formular\/wp-content\/uploads\/2025\/07\/Verordnungsschein-sicher-hochladen-400x399.png 400w, https:\/\/www.resimed.at\/schuhfried-medizintechnik-sicheres-formular\/wp-content\/uploads\/2025\/07\/Verordnungsschein-sicher-hochladen.png 500w\" sizes=\"(max-width: 640px) 100vw, 400px\" \/><\/a><\/span><\/div><\/div><\/div><\/div><\/div><div class=\"fusion-fullwidth fullwidth-box fusion-builder-row-2 fusion-flex-container has-pattern-background has-mask-background nonhundred-percent-fullwidth non-hundred-percent-height-scrolling\" style=\"--link_hover_color: var(--awb-color6);--link_color: var(--awb-color4);--awb-border-radius-top-left:0px;--awb-border-radius-top-right:0px;--awb-border-radius-bottom-right:0px;--awb-border-radius-bottom-left:0px;--awb-padding-top:20px;--awb-padding-right-medium:10px;--awb-padding-left-medium:10px;--awb-background-color:var(--awb-color1);--awb-flex-wrap:wrap;\" ><div class=\"fusion-builder-row fusion-row fusion-flex-align-items-flex-start fusion-flex-content-wrap\" style=\"max-width:1040px;margin-left: calc(-4% \/ 2 );margin-right: calc(-4% \/ 2 );\"><div class=\"fusion-layout-column fusion_builder_column fusion-builder-column-2 fusion_builder_column_1_1 1_1 fusion-flex-column\" style=\"--awb-padding-right-small:10px;--awb-padding-left-small:10px;--awb-bg-size:cover;--awb-width-large:100%;--awb-margin-top-large:0px;--awb-spacing-right-large:1.92%;--awb-margin-bottom-large:20px;--awb-spacing-left-large:1.92%;--awb-width-medium:100%;--awb-order-medium:0;--awb-spacing-right-medium:1.92%;--awb-spacing-left-medium:1.92%;--awb-width-small:100%;--awb-order-small:0;--awb-spacing-right-small:1.92%;--awb-spacing-left-small:1.92%;\"><div class=\"fusion-column-wrapper fusion-column-has-shadow fusion-flex-justify-content-flex-start fusion-content-layout-column\"><div class=\"fusion-text fusion-text-1\" style=\"--awb-text-color:var(--awb-color6);\"><h2>Impressum<\/h2>\n<p><strong>Verantwortlich f\u00fcr den Inhalt<\/strong><br \/>\nDr. Schuhfried Medizintechnik Gesellschaft m.b.H.<br \/>\nVan-Swieten-Gasse 10, 1090 Wien<br \/>\nMail: <a href=\"mailto:info@schuhfriedmed.at\" target=\"_blank\" rel=\"noopener noreferrer\">info@schuhfriedmed.at<\/a> oder verwenden Sie das <a href=\"https:\/\/schuhfriedmed.at\/kontakt\/\">Kontaktformular<\/a>.<br \/>\nTel: +43 1 405 42 06<br \/>\nFax: + 43 1\u00a0405 44 64<\/p>\n<p><strong>Firmenbuchnummer:<\/strong> 97069z<br \/>\n<strong>Firmengericht:<\/strong> Handelsgericht Wien<br \/>\n<strong>Beh\u00f6rde gem. ECG (E-Commerce Gesetz):<\/strong> Magistratisches Bezirksamt des IX. Bezirkes<br \/>\n<strong>Rechtsform:<\/strong> Gesellschaft m.b.H<br \/>\n<strong>UID-Nummer:<\/strong> ATU15040408<\/p>\n<p><strong>Link zur WKO:<\/strong> <a title=\"Externer Link zur WKO\" href=\"http:\/\/firmen.wko.at\/Web\/DetailsInfos.aspx?FirmaID=e9d35528-50d7-4f67-9b76-350fb2fa2d17&amp;StandortID=1&amp;StandortName=Wien&amp;Suchbegriff=Schuhfried&amp;Page=1\" target=\"_blank\" rel=\"noopener noreferrer\">WKO-E-Commerce<\/a><\/p>\n<h2>Datenschutzerkl\u00e4rung<\/h2>\n<p>Der Schutz Ihrer pers\u00f6nlichen Daten ist uns ein besonderes Anliegen. Wir verarbeiten Ihre Daten daher ausschlie\u00dflich auf Grundlage der gesetzlichen Bestimmungen (DSGVO, TKG 2003). In diesen Datenschutzinformationen informieren wir Sie \u00fcber die wichtigsten Aspekte der Datenverarbeitung im Rahmen unserer Website.<\/p>\n<p><strong>Kontakt mit uns<\/strong><\/p>\n<p>Wenn Sie per Formular auf der Website oder per E-Mail Kontakt mit uns aufnehmen, werden Ihre angegebenen Daten zwecks Bearbeitung der Anfrage und f\u00fcr den Fall von Anschlussfragen 6 Monate bei uns gespeichert. Diese Daten geben wir nicht ohne Ihre Einwilligung weiter.<\/p>\n<p><strong>Cookies<\/strong><\/p>\n<p>Unsere Website verwendet so genannte Cookies. Dabei handelt es sich um kleine Textdateien, die mit Hilfe des Browsers auf Ihrem Endger\u00e4t abgelegt werden. Sie richten keinen Schaden an. Wir nutzen Cookies dazu, unser Angebot nutzerfreundlich zu gestalten. Einige Cookies bleiben auf Ihrem Endger\u00e4t gespeichert, bis Sie diese l\u00f6schen. Sie erm\u00f6glichen es uns, Ihren Browser beim n\u00e4chsten Besuch wiederzuerkennen. Wenn Sie dies nicht w\u00fcnschen, so k\u00f6nnen Sie Ihren Browser so einrichten, dass er Sie \u00fcber das Setzen von Cookies informiert und Sie dies nur im Einzelfall erlauben. Bei der Deaktivierung von Cookies kann die Funktionalit\u00e4t unserer Website eingeschr\u00e4nkt sein.<\/p>\n<p><strong>Webanalyse<\/strong><\/p>\n<p>Diese Website verwendet \u201cStatify\u201d zur Webanalyse (siehe https:\/\/de.wordpress.org\/plugins\/statify\/). Diese Erweiterung ist datenschutzkonform und liefert anonymisierte Daten zur kompakten Besucheranalyse dieser Website, die nicht weitergegeben werden und nur uns zur Verf\u00fcgung stehen.<\/p>\n<p><strong>Ihre Rechte<\/strong><\/p>\n<p>Ihnen stehen grunds\u00e4tzlich die Rechte auf Auskunft, Berichtigung, L\u00f6schung, Einschr\u00e4nkung, Daten\u00fcbertragbarkeit, Widerruf und Widerspruch zu. Wenn Sie glauben, dass die Verarbeitung Ihrer Daten gegen das Datenschutzrecht verst\u00f6\u00dft oder Ihre datenschutzrechtlichen Anspr\u00fcche sonst in einer Weise verletzt worden sind, k\u00f6nnen Sie sich bei der Aufsichtsbeh\u00f6rde beschweren. In \u00d6sterreich ist dies die Datenschutzbeh\u00f6rde.<\/p>\n<p><strong>Sie erreichen uns unter folgenden Kontaktdaten<\/strong><\/p>\n<p>Dr. Schuhfried Medizintechnik Gesellschaft m.b.H.<br \/>\nVan-Swieten-Gasse 10, 1090 Wien<br \/>\nMail: <a href=\"mailto:info@schuhfriedmed.at\" target=\"_blank\" rel=\"noopener noreferrer\">info@schuhfriedmed.at<\/a> oder verwenden Sie das <a href=\"https:\/\/schuhfriedmed.at\/kontakt\/\">Kontaktformular<\/a>.<br \/>\nTel: +43 1 405 42 06<\/p>\n<p><strong>Urheberrecht<\/strong><br \/>\nAlle Daten dieser Website sind urheberrechtlich gesch\u00fctzt. Jede Bearbeitung, Vervielf\u00e4ltigung, Verbreitung und\/oder \u00f6ffentliche Wiedergabe stellt einen Urheberrechtsversto\u00df dar. Alle Informationen auf der Homepage wurden gr\u00fcndlich gepr\u00fcft. Trotz aller Sorgfalt wird keinerlei Haftung bzw. Garantie f\u00fcr Richtigkeit, Vollst\u00e4ndigkeit und Aktualit\u00e4t der Daten \u00fcbernommen. Dies gilt auch f\u00fcr alle verlinkten Seiten, da wir f\u00fcr deren Inhalt nicht verantwortlich sind. Wir behalten uns das Recht vor, die bereitgestellten Daten und Informationen jederzeit zu \u00e4ndern bzw. zu aktualisieren.<\/p>\n<p><strong>Webdesign:<\/strong> <a title=\"Webdesign, Grafik und Logodesign von Mausblau.at, Burgenland\" href=\"http:\/\/www.mausblau.at\/\" target=\"_blank\" rel=\"noopener noreferrer\">Gerald H. Reisner, Mausblau.at<\/a> <a title=\"Website erstellen lassen\" href=\"https:\/\/www.website-erstellen.jetzt\/\" target=\"_blank\" rel=\"noopener\">website-erstellen.jetzt<\/a><\/p>\n<\/div><\/div><\/div><\/div><\/div><div class=\"fusion-fullwidth fullwidth-box fusion-builder-row-3 fusion-flex-container has-pattern-background has-mask-background nonhundred-percent-fullwidth non-hundred-percent-height-scrolling\" style=\"--link_hover_color: var(--awb-color2);--link_color: var(--awb-color1);--awb-border-radius-top-left:0px;--awb-border-radius-top-right:0px;--awb-border-radius-bottom-right:0px;--awb-border-radius-bottom-left:0px;--awb-padding-top:20px;--awb-padding-right-medium:10px;--awb-padding-left-medium:10px;--awb-background-color:var(--awb-color4);--awb-flex-wrap:wrap;\" ><div class=\"fusion-builder-row fusion-row fusion-flex-align-items-flex-start fusion-flex-content-wrap\" style=\"max-width:1040px;margin-left: calc(-4% \/ 2 );margin-right: calc(-4% \/ 2 );\"><div class=\"fusion-layout-column fusion_builder_column fusion-builder-column-3 fusion_builder_column_1_1 1_1 fusion-flex-column\" style=\"--awb-padding-right-small:10px;--awb-padding-left-small:10px;--awb-bg-size:cover;--awb-width-large:100%;--awb-margin-top-large:0px;--awb-spacing-right-large:1.92%;--awb-margin-bottom-large:20px;--awb-spacing-left-large:1.92%;--awb-width-medium:100%;--awb-order-medium:0;--awb-spacing-right-medium:1.92%;--awb-spacing-left-medium:1.92%;--awb-width-small:100%;--awb-order-small:0;--awb-spacing-right-small:1.92%;--awb-spacing-left-small:1.92%;\"><div class=\"fusion-column-wrapper fusion-column-has-shadow fusion-flex-justify-content-flex-start fusion-content-layout-column\"><div class=\"fusion-text fusion-text-2 sm-text-align-center\" style=\"--awb-text-color:var(--awb-color1);\"><p><strong>Information:<\/strong> Diese Website (https:\/\/www.resimed.at\/schuhfried-medizintechnik-sicheres-formular\/) wird von <a href=\"https:\/\/schuhfriedmed.at\/\" target=\"_blank\" rel=\"noopener\">Schuhfried Medizintechnik, 1090 Wien<\/a>, Van Swieten-Gasse 10, verwaltet. Das Impressum und weitere Informationen zum Datenschutz finden Sie hier: <a href=\"https:\/\/www.resimed.at\/schuhfried-medizintechnik-sicheres-formular\/impressum-und-datenschutz\/\" rel=\"noopener\">Impressum und Datenschutz (Link)<\/a>.<\/p>\n<\/div><\/div><\/div><div class=\"fusion-layout-column fusion_builder_column fusion-builder-column-4 fusion_builder_column_1_3 1_3 fusion-flex-column\" style=\"--awb-bg-size:cover;--awb-width-large:33.333333333333%;--awb-margin-top-large:0px;--awb-spacing-right-large:5.76%;--awb-margin-bottom-large:20px;--awb-spacing-left-large:5.76%;--awb-width-medium:33.333333333333%;--awb-order-medium:0;--awb-spacing-right-medium:5.76%;--awb-spacing-left-medium:5.76%;--awb-width-small:100%;--awb-order-small:0;--awb-spacing-right-small:1.92%;--awb-spacing-left-small:1.92%;\"><div class=\"fusion-column-wrapper fusion-column-has-shadow fusion-flex-justify-content-flex-start fusion-content-layout-column\"><div class=\"fusion-text fusion-text-3 sm-text-align-center\" style=\"--awb-text-color:var(--awb-color1);\"><h5><strong>Dr. Schuhfried<br \/>\nMedizintechnik GmbH<\/strong><\/h5>\n<p>1090 Wien, Van Swieten-Gasse 10<br \/>\n<a href=\"https:\/\/schuhfriedmed.at\/lageplan\/\" target=\"_blank\" rel=\"noopener\">Anfahrt<\/a><br \/>\nTel.: <a href=\"tel:+4314054206\">+43 1 405 42 06<\/a><br \/>\nMail: <a href=\"https:\/\/schuhfriedmed.at\/kontakt\/\" target=\"_blank\" rel=\"noopener\">Kontaktformular<\/a><\/p>\n<\/div><\/div><\/div><div class=\"fusion-layout-column fusion_builder_column fusion-builder-column-5 fusion_builder_column_1_3 1_3 fusion-flex-column\" style=\"--awb-bg-size:cover;--awb-width-large:33.333333333333%;--awb-margin-top-large:0px;--awb-spacing-right-large:5.76%;--awb-margin-bottom-large:20px;--awb-spacing-left-large:5.76%;--awb-width-medium:33.333333333333%;--awb-order-medium:0;--awb-spacing-right-medium:5.76%;--awb-spacing-left-medium:5.76%;--awb-width-small:100%;--awb-order-small:0;--awb-spacing-right-small:1.92%;--awb-spacing-left-small:1.92%;\"><div class=\"fusion-column-wrapper fusion-column-has-shadow fusion-flex-justify-content-flex-start fusion-content-layout-column\"><div class=\"fusion-text fusion-text-4 sm-text-align-center\" style=\"--awb-text-color:var(--awb-color1);\"><h5><strong>Dr. Schuhfried<br \/>\nHeimtherapie<\/strong><\/h5>\n<p>1090 Wien, W\u00e4hringer Stra\u00dfe 23<br \/>\n<a href=\"https:\/\/schuhfriedmed.at\/lageplan\/\" target=\"_blank\" rel=\"noopener\">Anfahrt<\/a><br \/>\nTel.: <a href=\"tel:+4314054206200\">+43 1 405 42 06 200<\/a><br \/>\nMail: <a href=\"https:\/\/schuhfriedmed.at\/kontakt\/\" target=\"_blank\" rel=\"noopener\">Kontaktformular<\/a><\/p>\n<\/div><\/div><\/div><div class=\"fusion-layout-column fusion_builder_column fusion-builder-column-6 fusion_builder_column_1_3 1_3 fusion-flex-column\" style=\"--awb-bg-size:cover;--awb-width-large:33.333333333333%;--awb-margin-top-large:0px;--awb-spacing-right-large:5.76%;--awb-margin-bottom-large:20px;--awb-spacing-left-large:5.76%;--awb-width-medium:33.333333333333%;--awb-order-medium:0;--awb-spacing-right-medium:5.76%;--awb-spacing-left-medium:5.76%;--awb-width-small:100%;--awb-order-small:0;--awb-spacing-right-small:1.92%;--awb-spacing-left-small:1.92%;\"><div class=\"fusion-column-wrapper fusion-column-has-shadow fusion-flex-justify-content-flex-start fusion-content-layout-column\"><div class=\"fusion-text fusion-text-5 sm-text-align-center\" style=\"--awb-text-color:var(--awb-color1);\"><h5><strong>\u00d6ffnungszeiten<br \/>\nHeimtherapie<\/strong><\/h5>\n<p>Montag bis Mittwoch<br \/>\nvon 08:30 \u2013 16:30<br \/>\nDonnerstag von 09:00 \u2013 18:00<br \/>\nFreitag von 08:30 \u2013 12:00<\/p>\n<\/div><\/div><\/div><\/div><\/div>\n<\/p>\n","protected":false},"excerpt":{"rendered":"","protected":false},"author":3,"featured_media":0,"parent":0,"menu_order":99,"comment_status":"closed","ping_status":"closed","template":"blank.php","meta":{"footnotes":""},"class_list":["post-58","page","type-page","status-publish","hentry"],"_links":{"self":[{"href":"https:\/\/www.resimed.at\/schuhfried-medizintechnik-sicheres-formular\/wp-json\/wp\/v2\/pages\/58","targetHints":{"allow":["GET"]}}],"collection":[{"href":"https:\/\/www.resimed.at\/schuhfried-medizintechnik-sicheres-formular\/wp-json\/wp\/v2\/pages"}],"about":[{"href":"https:\/\/www.resimed.at\/schuhfried-medizintechnik-sicheres-formular\/wp-json\/wp\/v2\/types\/page"}],"author":[{"embeddable":true,"href":"https:\/\/www.resimed.at\/schuhfried-medizintechnik-sicheres-formular\/wp-json\/wp\/v2\/users\/3"}],"replies":[{"embeddable":true,"href":"https:\/\/www.resimed.at\/schuhfried-medizintechnik-sicheres-formular\/wp-json\/wp\/v2\/comments?post=58"}],"version-history":[{"count":11,"href":"https:\/\/www.resimed.at\/schuhfried-medizintechnik-sicheres-formular\/wp-json\/wp\/v2\/pages\/58\/revisions"}],"predecessor-version":[{"id":77,"href":"https:\/\/www.resimed.at\/schuhfried-medizintechnik-sicheres-formular\/wp-json\/wp\/v2\/pages\/58\/revisions\/77"}],"wp:attachment":[{"href":"https:\/\/www.resimed.at\/schuhfried-medizintechnik-sicheres-formular\/wp-json\/wp\/v2\/media?parent=58"}],"curies":[{"name":"wp","href":"https:\/\/api.w.org\/{rel}","templated":true}]}}